{"id":182,"date":"2022-08-17T12:11:44","date_gmt":"2022-08-17T11:11:44","guid":{"rendered":"https:\/\/euskara.buruntzaldea.garapena.eus\/?page_id=182"},"modified":"2022-08-26T12:04:34","modified_gmt":"2022-08-26T11:04:34","slug":"politica-de-privacidad","status":"publish","type":"page","link":"https:\/\/euskara.buruntzaldea.garapena.eus\/es\/politica-de-privacidad\/","title":{"rendered":"Pol\u00edtica de privacidad"},"content":{"rendered":"<section class=\"l-section wpb_row height_small\"><div class=\"l-section-h i-cf\"><div class=\"g-cols vc_row via_flex valign_top type_default stacking_default\"><div class=\"vc_col-sm-12 wpb_column vc_column_container\"><div class=\"vc_column-inner\"><div class=\"wpb_wrapper\"><div class=\"wpb_text_column\"><div class=\"wpb_wrapper\"><p>La presente pol\u00edtica de privacidad tiene por objeto informar sobre los tratamientos de datos personales en este sitio web y describir los derechos de asistencia a los interesados, de conformidad con el Reglamento (UE) 2016\/679 del Parlamento Europeo y del Consejo, de 27 de abril de 2016, relativo a la protecci\u00f3n de las personas f\u00edsicas en lo que respecta al tratamiento de datos personales y a la libre circulaci\u00f3n de estos datos, y la protecci\u00f3n de los datos personales y garant\u00eda de los derechos digitales, de conformidad con la Ley Org\u00e1nica 3\/2018, de 5 de diciembre.<\/p>\n<h2 class=\"wp-block-heading\">\u00bfQui\u00e9n es el responsable del tratamiento de sus datos personales?<\/h2>\n<p><strong>Nombre de la entidad:<\/strong> Buruntzaldeko Euskara Zerbitzuak<\/p>\n<ul class=\"lista1\">\n<li><strong>Andoaingo Euskara Zerbitzua:<\/strong> Goikoplaza z\/g, 20140 Andoain \u2013 Telefonoa: 943 300 830<\/li>\n<li><strong>Astigarragako Euskara Zerbitzua:<\/strong> Foru Enparantza 13, 20115 Astigarraga<\/li>\n<li><strong>Hernaniko Euskara Zerbitzua:<\/strong> Gudarien plaza 1, 20115 Hernani \u2013 Telefonoa: 943.33.70.29<\/li>\n<li><strong>Lasarte-Oriako Euskara Zerbitzua:<\/strong> Kale Nagusia 22, 20160 Lasarte-Oria \u2013 Telefonoa: 943 376 184<\/li>\n<li><strong>Urnietako Euskara Zerbitzua:<\/strong> San Juan z\/g, 20130 Urnieta \u2013 Telefonoa: 943 008 033<\/li>\n<li><strong>Usurbilgo Euskara Zerbitzua:<\/strong> Jose Martin Sagardia plaza, 20170 Usurbil<\/li>\n<\/ul>\n<h2>\u00bfCon qu\u00e9 finalidad recabamos sus datos?<\/h2>\n<p>Buruntzaldeko Euskara Zerbitzuak almacena estos datos con la finalidad de XXX<\/p>\n<h2>\u00bfDurante cu\u00e1nto tiempo se almacenan los datos?<\/h2>\n<p>Mientras no ordene que se retiren, sus datos se almacenar\u00e1n en el fichero XXX de Buruntzaldeko Euskara Zerbitzuak<\/p>\n<h2><strong>\u00bfQu\u00e9 nos legitima a utilizar sus datos?<\/strong><\/h2>\n<p>La base legal para el tratamiento de los datos recabados a trav\u00e9s de la web <a href=\"https:\/\/euskara-info.buruntzaldea.eus\/\">euskara-info.buruntzaldea.eus<\/a> de Buruntzaldeko Euskara Zerbitzuak es la siguiente:<\/p>\n<ol>\n<li>a<strong>.\u00a0<\/strong>El consentimiento expreso que nos ha dado al inscribirse.<\/li>\n<\/ol>\n<h2><strong>\u00bfA qui\u00e9n se le ceder\u00e1n sus datos?<\/strong><\/h2>\n<p>Buruntzaldeko Euskara Zerbitzuak no pondr\u00e1 estos datos a disposici\u00f3n de terceros.<\/p>\n<h2><strong>\u00bfCu\u00e1les son sus derechos cuando nos facilita sus datos personales?<\/strong><\/h2>\n<p>La persona que proporcione sus datos podr\u00e1 ejercer los siguientes derechos sobre los mismos:<\/p>\n<p><em>Derecho de acceso:<\/em> La persona que facilite sus datos a Buruntzaldeko Euskara Zerbitzuak podr\u00e1 solicitarle dichos datos para confirmar que est\u00e1 tratando sus datos personales.<\/p>\n<p><em>Derecho de rectificaci\u00f3n:<\/em> La persona que facilite sus datos podr\u00e1 solicitar la rectificaci\u00f3n de sus datos personales a Buruntzaldeko Euskara Zerbitzuak, si estos no son correctos o no est\u00e1n completos.<\/p>\n<p><em>Derecho de supresi\u00f3n:<\/em> La persona que facilite sus datos podr\u00e1 solicitar a Buruntzaldeko Euskara Zerbitzuak la supresi\u00f3n de sus datos personales, entre otros casos, cuando ya no sean necesarios para los objetivos para los que se recabaron.<\/p>\n<p><em>Derecho de oposici\u00f3n:<\/em> La persona que facilite sus datos puede oponerse a que Buruntzaldeko Euskara Zerbitzuak trate sus datos personales. En ese caso, Buruntzaldeko Euskara Zerbitzuak solo los conservar\u00e1 para hacer reclamaciones o para protegerse de ellas.<\/p>\n<p><em>Derecho a limitar el tratamiento:<\/em> La persona que facilite sus datos puede solicitar a Buruntzaldeko Euskara Zerbitzuak que no utilice sus datos personales de forma provisional y para usos espec\u00edficos. En ese caso, Buruntzaldeko Euskara Zerbitzuak solo los conservar\u00e1 para hacer reclamaciones o para protegerse de ellas.<\/p>\n<p><em>Derecho a la portabilidad:<\/em> La persona que facilite sus datos podr\u00e1 solicitar a Buruntzaldeko Euskara Zerbitzuak que facilite sus datos en un formato estructurado y de f\u00e1cil acceso. Del mismo modo, podr\u00e1 solicitarle que le entregue sus datos a otro responsable.<\/p>\n<p><em>Derecho a revocar el consentimiento:<\/em> Si los datos personales se han obtenido con consentimiento expreso, la persona que facilite sus datos tendr\u00e1 derecho a revocar ese consentimiento en cualquier momento.<\/p>\n<p><em>Derecho a presentar reclamaciones:<\/em> La persona que facilite sus datos tendr\u00e1 derecho a presentar una reclamaci\u00f3n ante la Agencia Espa\u00f1ola de Protecci\u00f3n de Datos, en particular si considera que el ejercicio de sus derechos no ha sido adecuado. Dicha reclamaci\u00f3n puede realizarse por v\u00eda telem\u00e1tica, a trav\u00e9s de la sede electr\u00f3nica (<a href=\"https:\/\/www.agpd.es\/\">www.agpd.es<\/a>) o dirigi\u00e9ndose a la siguiente direcci\u00f3n (C\/ Jorge Juan, 6, 28001-Madrid)<\/p>\n<p>Para ejercer cualquiera de estos derechos, la persona que facilite sus datos puede dirigirse a la direcci\u00f3n postal o la direcci\u00f3n electr\u00f3nica de Buruntzaldeko Euskara Zerbitzuak, presentando una copia del DNI para poder comprobar su identidad.<\/p>\n<\/div><\/div><\/div><\/div><\/div><\/div><\/div><\/section>","protected":false},"excerpt":{"rendered":"La presente pol\u00edtica de privacidad tiene por objeto informar sobre los tratamientos de datos personales en este sitio web y describir los derechos de asistencia a los interesados, de conformidad con el Reglamento (UE) 2016\/679 del Parlamento Europeo y del Consejo, de 27 de abril de 2016, relativo a la protecci\u00f3n de las personas f\u00edsicas...","protected":false},"author":1,"featured_media":0,"parent":0,"menu_order":0,"comment_status":"closed","ping_status":"open","template":"","meta":{"_acf_changed":false,"footnotes":""},"class_list":["post-182","page","type-page","status-publish","hentry"],"acf":[],"_links":{"self":[{"href":"https:\/\/euskara.buruntzaldea.garapena.eus\/es\/wp-json\/wp\/v2\/pages\/182","targetHints":{"allow":["GET"]}}],"collection":[{"href":"https:\/\/euskara.buruntzaldea.garapena.eus\/es\/wp-json\/wp\/v2\/pages"}],"about":[{"href":"https:\/\/euskara.buruntzaldea.garapena.eus\/es\/wp-json\/wp\/v2\/types\/page"}],"author":[{"embeddable":true,"href":"https:\/\/euskara.buruntzaldea.garapena.eus\/es\/wp-json\/wp\/v2\/users\/1"}],"replies":[{"embeddable":true,"href":"https:\/\/euskara.buruntzaldea.garapena.eus\/es\/wp-json\/wp\/v2\/comments?post=182"}],"version-history":[{"count":4,"href":"https:\/\/euskara.buruntzaldea.garapena.eus\/es\/wp-json\/wp\/v2\/pages\/182\/revisions"}],"predecessor-version":[{"id":213,"href":"https:\/\/euskara.buruntzaldea.garapena.eus\/es\/wp-json\/wp\/v2\/pages\/182\/revisions\/213"}],"wp:attachment":[{"href":"https:\/\/euskara.buruntzaldea.garapena.eus\/es\/wp-json\/wp\/v2\/media?parent=182"}],"curies":[{"name":"wp","href":"https:\/\/api.w.org\/{rel}","templated":true}]}}