{"id":167,"date":"2022-08-23T11:24:24","date_gmt":"2022-08-23T10:24:24","guid":{"rendered":"https:\/\/euskara.buruntzaldea.garapena.eus\/?page_id=167"},"modified":"2024-03-11T10:28:44","modified_gmt":"2024-03-11T09:28:44","slug":"quienes-somos","status":"publish","type":"page","link":"https:\/\/euskara.buruntzaldea.garapena.eus\/es\/buruntzaldea\/quienes-somos\/","title":{"rendered":"Qui\u00e9nes somos"},"content":{"rendered":"<section class=\"l-section wpb_row height_small\"><div class=\"l-section-h i-cf\"><div class=\"g-cols vc_row via_flex valign_top type_default stacking_default\"><div class=\"vc_col-sm-8 wpb_column vc_column_container\"><div class=\"vc_column-inner\"><div class=\"wpb_wrapper\"><div class=\"wpb_text_column\"><div class=\"wpb_wrapper\"><p>R\u00e9sumen del convenio firmado por los ayuntamientos de Buruntzaldea:<\/p>\n<p>1.- Uno de los objetivos de los Ayuntamientos de Andoain, Astigarraga, Hernani, Lasarte-Oria, Urnieta y Usurbil, todos ellos de la comarca de \u201cBuruntzaldea\u201d, es, entre otros, encaminar conjuntamente en esos municipios diferentes programas para la normalizaci\u00f3n del euskera.<\/p>\n<p>2.- Cada municipio tiene en marcha en diversos \u00e1mbitos programas similares, dise\u00f1ados utilizando cada cual sus propios medios. Mediante la colaboraci\u00f3n entre los municipios y aplicando los programas a nivel comarcal, estos programas se enriquecer\u00e1n y alcanzar\u00e1n una mayor consistencia, ya que, debido a una mejor utilizaci\u00f3n de los recursos tanto humanos como econ\u00f3micos, ser\u00e1n m\u00e1s elaborados y, como consecuencia, m\u00e1s efectivos y m\u00e1s rentables.<\/p>\n<p>3.- Por otra parte, hay temas que superan el marco municipal, \u00e1mbitos y sectores en los que un solo ayuntamiento no puede incidir. Es por eso que, siendo el car\u00e1cter de estas iniciativas comarcal, mediante este acuerdo los ayuntamientos posibilitar\u00e1n la participaci\u00f3n a dicho nivel. 4.- No obstante, la colaboraci\u00f3n deber\u00e1 respetar la autonom\u00eda de cada ayuntamiento. Por eso, los ayuntamientos part\u00edcipes de este acuerdo tendr\u00e1n la posibilidad de, si lo consideran oportuno, adecuar estos programas conjuntos a su municipio, o no tomar parte en alguno de ellos. Es necesario tener en cuenta que las situaciones socioling\u00fc\u00edsticas, el tama\u00f1o de los municipios y el camino recorrido en la normalizaci\u00f3n ling\u00fc\u00edstica son diversos. Por todo ello, los ayuntamientos de los municipios anteriormente citados han decidido colaborar y firmar este convenio administrativo, con el objetivo de regular sus relaciones.<\/p>\n<\/div><\/div><\/div><\/div><\/div><div class=\"vc_col-sm-4 wpb_column vc_column_container\"><div class=\"vc_column-inner\"><div class=\"wpb_wrapper\"><div class=\"w-image us_custom_e3401e56 align_none\"><div class=\"w-image-h\"><img decoding=\"async\" width=\"400\" height=\"400\" src=\"https:\/\/euskara.buruntzaldea.garapena.eus\/wp-content\/uploads\/2022\/09\/buruntza-txoria.png\" class=\"attachment-full size-full\" alt=\"\" loading=\"lazy\" srcset=\"https:\/\/euskara.buruntzaldea.garapena.eus\/wp-content\/uploads\/2022\/09\/buruntza-txoria.png 400w, https:\/\/euskara.buruntzaldea.garapena.eus\/wp-content\/uploads\/2022\/09\/buruntza-txoria-300x300.png 300w, https:\/\/euskara.buruntzaldea.garapena.eus\/wp-content\/uploads\/2022\/09\/buruntza-txoria-150x150.png 150w\" sizes=\"auto, (max-width: 400px) 100vw, 400px\" \/><\/div><\/div><\/div><\/div><\/div><\/div><\/div><\/section><section class=\"l-section wpb_row height_small\"><div class=\"l-section-h i-cf\"><div class=\"g-cols vc_row via_flex valign_top type_default stacking_default\"><div class=\"vc_col-sm-3 wpb_column vc_column_container\"><div class=\"vc_column-inner\"><div class=\"wpb_wrapper\"><div class=\"w-ibanner us_custom_7c3f93a9 has_text_color animation_nike ratio_1x1 easing_ease\"><a target=\"_blank\" rel=\"nofollow\" href=\"https:\/\/www.andoain.eus\/eu\/\" aria-label=\"Andoaingo Udala\"><\/a><div class=\"w-ibanner-h\"><div class=\"w-ibanner-image\" style=\"background-image: url(https:\/\/euskara.buruntzaldea.garapena.eus\/wp-content\/uploads\/2022\/10\/Andoain-1024x768.jpg)\"><\/div><div class=\"w-ibanner-content\"><div class=\"w-ibanner-content-h\"><h2 class=\"w-ibanner-title\">Andoaingo Udala<\/h2><div class=\"w-ibanner-desc\"><\/div><\/div><\/div><\/div><\/div><\/div><\/div><\/div><div class=\"vc_col-sm-3 wpb_column vc_column_container\"><div class=\"vc_column-inner\"><div class=\"wpb_wrapper\"><div class=\"w-ibanner us_custom_c3a19101 has_text_color animation_nike ratio_1x1 easing_ease\"><a target=\"_blank\" rel=\"nofollow\" href=\"https:\/\/www.astigarraga.eus\/es\/\" aria-label=\"Astigarragako Udala\"><\/a><div class=\"w-ibanner-h\"><div class=\"w-ibanner-image\" style=\"background-image: url(https:\/\/euskara.buruntzaldea.garapena.eus\/wp-content\/uploads\/2023\/07\/Astigarraga-1024x683.jpg)\"><\/div><div class=\"w-ibanner-content\"><div class=\"w-ibanner-content-h\"><h2 class=\"w-ibanner-title\">Astigarragako Udala<\/h2><div class=\"w-ibanner-desc\"><\/div><\/div><\/div><\/div><\/div><\/div><\/div><\/div><div class=\"vc_col-sm-3 wpb_column vc_column_container\"><div class=\"vc_column-inner\"><div class=\"wpb_wrapper\"><div class=\"w-ibanner us_custom_e395e9f0 has_text_color animation_nike ratio_1x1 easing_ease\"><a target=\"_blank\" rel=\"nofollow\" href=\"https:\/\/www.hernani.eus\/es\/\" aria-label=\"Hernaniko Udala\"><\/a><div class=\"w-ibanner-h\"><div class=\"w-ibanner-image\" style=\"background-image: url(https:\/\/euskara.buruntzaldea.garapena.eus\/wp-content\/uploads\/2022\/10\/Hernani_Udala-1536x1152-1-1024x768.jpg)\"><\/div><div class=\"w-ibanner-content\"><div class=\"w-ibanner-content-h\"><h2 class=\"w-ibanner-title\">Hernaniko Udala<\/h2><div class=\"w-ibanner-desc\"><\/div><\/div><\/div><\/div><\/div><\/div><\/div><\/div><div class=\"vc_col-sm-3 wpb_column vc_column_container\"><div class=\"vc_column-inner\"><div class=\"wpb_wrapper\"><div class=\"w-ibanner us_custom_91080661 has_text_color animation_nike ratio_1x1 easing_ease\"><a target=\"_blank\" rel=\"nofollow\" href=\"https:\/\/www.lasarte-oria.eus\/es\/\" aria-label=\"Lasarte-Oriako Udala\"><\/a><div class=\"w-ibanner-h\"><div class=\"w-ibanner-image\" style=\"background-image: url(https:\/\/euskara.buruntzaldea.garapena.eus\/wp-content\/uploads\/2023\/09\/Nuevo-ayuntamiento-web-1.jpg)\"><\/div><div class=\"w-ibanner-content\"><div class=\"w-ibanner-content-h\"><h2 class=\"w-ibanner-title\">Lasarte-Oriako Udala<\/h2><div class=\"w-ibanner-desc\"><\/div><\/div><\/div><\/div><\/div><\/div><\/div><\/div><\/div><\/div><\/section><section class=\"l-section wpb_row height_small\"><div class=\"l-section-h i-cf\"><div class=\"g-cols vc_row via_flex valign_top type_default stacking_default\"><div class=\"vc_col-sm-3 wpb_column vc_column_container\"><div class=\"vc_column-inner\"><div class=\"wpb_wrapper\"><\/div><\/div><\/div><div class=\"vc_col-sm-3 wpb_column vc_column_container\"><div class=\"vc_column-inner\"><div class=\"wpb_wrapper\"><div class=\"w-ibanner us_custom_7793e26e has_text_color animation_nike ratio_1x1 easing_ease\"><a target=\"_blank\" rel=\"nofollow\" href=\"https:\/\/www.urnieta.eus\/es\/inicio\" aria-label=\"Urnietako Udala\"><\/a><div class=\"w-ibanner-h\"><div class=\"w-ibanner-image\" style=\"background-image: url(https:\/\/euskara.buruntzaldea.garapena.eus\/wp-content\/uploads\/2023\/04\/IMG_20210503_101935-1024x766.jpg)\"><\/div><div class=\"w-ibanner-content\"><div class=\"w-ibanner-content-h\"><h2 class=\"w-ibanner-title\">Urnietako Udala<\/h2><div class=\"w-ibanner-desc\"><\/div><\/div><\/div><\/div><\/div><\/div><\/div><\/div><div class=\"vc_col-sm-3 wpb_column vc_column_container\"><div class=\"vc_column-inner\"><div class=\"wpb_wrapper\"><div class=\"w-ibanner us_custom_1b26f1a0 has_text_color animation_nike ratio_1x1 easing_ease\"><a target=\"_blank\" rel=\"nofollow\" href=\"https:\/\/www.usurbil.eus\/es\/\" aria-label=\"Usurbilgo Udala\"><\/a><div class=\"w-ibanner-h\"><div class=\"w-ibanner-image\" style=\"background-image: url(https:\/\/euskara.buruntzaldea.garapena.eus\/wp-content\/uploads\/2022\/10\/Usurbil-udala.jpg)\"><\/div><div class=\"w-ibanner-content\"><div class=\"w-ibanner-content-h\"><h2 class=\"w-ibanner-title\">Usurbilgo Udala<\/h2><div class=\"w-ibanner-desc\"><\/div><\/div><\/div><\/div><\/div><\/div><\/div><\/div><div class=\"vc_col-sm-3 wpb_column vc_column_container\"><div class=\"vc_column-inner\"><div class=\"wpb_wrapper\"><\/div><\/div><\/div><\/div><\/div><\/section>\n","protected":false},"excerpt":{"rendered":"R\u00e9sumen del convenio firmado por los ayuntamientos de Buruntzaldea: 1.- Uno de los objetivos de los Ayuntamientos de Andoain, Astigarraga, Hernani, Lasarte-Oria, Urnieta y Usurbil, todos ellos de la comarca de \u201cBuruntzaldea\u201d, es, entre otros, encaminar conjuntamente en esos municipios diferentes programas para la normalizaci\u00f3n del euskera. 2.- Cada municipio tiene en marcha en diversos...","protected":false},"author":1,"featured_media":0,"parent":160,"menu_order":0,"comment_status":"closed","ping_status":"closed","template":"","meta":{"_acf_changed":false,"footnotes":""},"class_list":["post-167","page","type-page","status-publish","hentry"],"acf":[],"_links":{"self":[{"href":"https:\/\/euskara.buruntzaldea.garapena.eus\/es\/wp-json\/wp\/v2\/pages\/167","targetHints":{"allow":["GET"]}}],"collection":[{"href":"https:\/\/euskara.buruntzaldea.garapena.eus\/es\/wp-json\/wp\/v2\/pages"}],"about":[{"href":"https:\/\/euskara.buruntzaldea.garapena.eus\/es\/wp-json\/wp\/v2\/types\/page"}],"author":[{"embeddable":true,"href":"https:\/\/euskara.buruntzaldea.garapena.eus\/es\/wp-json\/wp\/v2\/users\/1"}],"replies":[{"embeddable":true,"href":"https:\/\/euskara.buruntzaldea.garapena.eus\/es\/wp-json\/wp\/v2\/comments?post=167"}],"version-history":[{"count":7,"href":"https:\/\/euskara.buruntzaldea.garapena.eus\/es\/wp-json\/wp\/v2\/pages\/167\/revisions"}],"predecessor-version":[{"id":7713,"href":"https:\/\/euskara.buruntzaldea.garapena.eus\/es\/wp-json\/wp\/v2\/pages\/167\/revisions\/7713"}],"up":[{"embeddable":true,"href":"https:\/\/euskara.buruntzaldea.garapena.eus\/es\/wp-json\/wp\/v2\/pages\/160"}],"wp:attachment":[{"href":"https:\/\/euskara.buruntzaldea.garapena.eus\/es\/wp-json\/wp\/v2\/media?parent=167"}],"curies":[{"name":"wp","href":"https:\/\/api.w.org\/{rel}","templated":true}]}}