{"id":163,"date":"2022-08-23T10:54:53","date_gmt":"2022-08-23T09:54:53","guid":{"rendered":"https:\/\/euskara.buruntzaldea.garapena.eus\/?page_id=163"},"modified":"2024-04-23T11:54:09","modified_gmt":"2024-04-23T10:54:09","slug":"contacto","status":"publish","type":"page","link":"https:\/\/euskara.buruntzaldea.garapena.eus\/es\/buruntzaldea\/contacto\/","title":{"rendered":"Contacto"},"content":{"rendered":"<section class=\"l-section wpb_row height_small\"><div class=\"l-section-h i-cf\"><div class=\"g-cols vc_row via_flex valign_top type_default stacking_default\"><div class=\"vc_col-sm-6 wpb_column vc_column_container has_bg_color\"><div class=\"vc_column-inner us_custom_ec1d02b5\"><div class=\"wpb_wrapper\">[vc_raw_html]JTVCaGFycmVtYW5ldGFyYWtvLWZvcm0lNUQ=[\/vc_raw_html]<\/div><\/div><\/div><div class=\"vc_col-sm-6 wpb_column vc_column_container\"><div class=\"vc_column-inner us_custom_2ef9e93a\"><div class=\"wpb_wrapper\"><div class=\"wpb_text_column\"><div class=\"wpb_wrapper\"><p>Si tienes dudas a la hora de escribir un texto, si quieres saber qu\u00e9 documentaci\u00f3n necesitas para poner tu apellido en euskera, si quieres preguntar qu\u00e9 oportunidades hay para aprender euskera en Burundzale, o si quieres obtener cualquier otra informaci\u00f3n relacionada al euskera, puedes contactar con los servicios de euskera de los municipios.<\/p>\n<\/div><\/div><div class=\"w-separator size_medium\"><\/div>[vc_raw_html css=\u00bb%7B%22default%22%3A%7B%22min-height%22%3A%22500px%22%7D%7D\u00bb el_class=\u00bbzindex1&#8243;]JTVCaGVycmllbi1tYXBhJTVE[\/vc_raw_html]<\/div><\/div><\/div><\/div><\/div><\/section><section class=\"l-section wpb_row height_small\"><div class=\"l-section-h i-cf\"><div class=\"g-cols vc_row via_flex valign_top type_default stacking_default\"><div class=\"vc_col-sm-12 wpb_column vc_column_container\"><div class=\"vc_column-inner\"><div class=\"wpb_wrapper\"><\/div><\/div><\/div><\/div><\/div><\/section>\n","protected":false},"excerpt":{"rendered":"[vc_raw_html]JTVCaGFycmVtYW5ldGFyYWtvLWZvcm0lNUQ=[\/vc_raw_html]Si tienes dudas a la hora de escribir un texto, si quieres saber qu\u00e9 documentaci\u00f3n necesitas para poner tu apellido en euskera, si quieres preguntar qu\u00e9 oportunidades hay para aprender euskera en Burundzale, o si quieres obtener cualquier otra informaci\u00f3n relacionada al euskera, puedes contactar con los servicios de euskera de los municipios. [vc_raw_html css=\"%7B%22default%22%3A%7B%22min-height%22%3A%22500px%22%7D%7D\"...","protected":false},"author":1,"featured_media":0,"parent":160,"menu_order":0,"comment_status":"closed","ping_status":"closed","template":"","meta":{"_acf_changed":false,"footnotes":""},"class_list":["post-163","page","type-page","status-publish","hentry"],"acf":[],"_links":{"self":[{"href":"https:\/\/euskara.buruntzaldea.garapena.eus\/es\/wp-json\/wp\/v2\/pages\/163","targetHints":{"allow":["GET"]}}],"collection":[{"href":"https:\/\/euskara.buruntzaldea.garapena.eus\/es\/wp-json\/wp\/v2\/pages"}],"about":[{"href":"https:\/\/euskara.buruntzaldea.garapena.eus\/es\/wp-json\/wp\/v2\/types\/page"}],"author":[{"embeddable":true,"href":"https:\/\/euskara.buruntzaldea.garapena.eus\/es\/wp-json\/wp\/v2\/users\/1"}],"replies":[{"embeddable":true,"href":"https:\/\/euskara.buruntzaldea.garapena.eus\/es\/wp-json\/wp\/v2\/comments?post=163"}],"version-history":[{"count":8,"href":"https:\/\/euskara.buruntzaldea.garapena.eus\/es\/wp-json\/wp\/v2\/pages\/163\/revisions"}],"predecessor-version":[{"id":9212,"href":"https:\/\/euskara.buruntzaldea.garapena.eus\/es\/wp-json\/wp\/v2\/pages\/163\/revisions\/9212"}],"up":[{"embeddable":true,"href":"https:\/\/euskara.buruntzaldea.garapena.eus\/es\/wp-json\/wp\/v2\/pages\/160"}],"wp:attachment":[{"href":"https:\/\/euskara.buruntzaldea.garapena.eus\/es\/wp-json\/wp\/v2\/media?parent=163"}],"curies":[{"name":"wp","href":"https:\/\/api.w.org\/{rel}","templated":true}]}}